{"id":23,"date":"2026-01-26T13:18:58","date_gmt":"2026-01-26T12:18:58","guid":{"rendered":"http:\/\/koparkakolbudy.pl\/?page_id=23"},"modified":"2026-02-01T14:06:31","modified_gmt":"2026-02-01T13:06:31","slug":"elementor-23","status":"publish","type":"page","link":"https:\/\/koparkakolbudy.pl\/","title":{"rendered":"Strona g\u0142\u00f3wna"},"content":{"rendered":"\t\t<div data-elementor-type=\"wp-page\" data-elementor-id=\"23\" class=\"elementor elementor-23\">\n\t\t\t\t<div class=\"elementor-element elementor-element-3449db0 e-flex e-con-boxed e-con e-parent\" data-id=\"3449db0\" data-element_type=\"container\" data-settings=\"{&quot;background_background&quot;:&quot;classic&quot;}\">\n\t\t\t\t\t<div class=\"e-con-inner\">\n\t\t\t\t<div class=\"elementor-element elementor-element-6b677be elementor-widget elementor-widget-heading\" data-id=\"6b677be\" data-element_type=\"widget\" data-widget_type=\"heading.default\">\n\t\t\t\t\t<h2 class=\"elementor-heading-title elementor-size-default\">Ci\u0119\u017cka praca w terenie? Dzwo\u0144 \u015bmia\u0142o!<\/h2>\t\t\t\t<\/div>\n\t\t\t\t<div class=\"elementor-element elementor-element-045dd25 elementor-align-center elementor-widget elementor-widget-button\" data-id=\"045dd25\" data-element_type=\"widget\" data-widget_type=\"button.default\">\n\t\t\t\t\t\t\t\t\t\t<a class=\"elementor-button elementor-button-link elementor-size-sm\" href=\"tel:%20+48507728527\">\n\t\t\t\t\t\t<span class=\"elementor-button-content-wrapper\">\n\t\t\t\t\t\t\t\t\t<span class=\"elementor-button-text\">507 728 527<\/span>\n\t\t\t\t\t<\/span>\n\t\t\t\t\t<\/a>\n\t\t\t\t\t\t\t\t<\/div>\n\t\t\t\t\t<\/div>\n\t\t\t\t<\/div>\n\t\t<div class=\"elementor-element elementor-element-4c377ce e-con-full e-flex e-con e-parent\" data-id=\"4c377ce\" data-element_type=\"container\" data-settings=\"{&quot;background_background&quot;:&quot;classic&quot;}\">\n\t\t\t\t<div class=\"elementor-element elementor-element-f207b13 elementor-widget elementor-widget-image\" data-id=\"f207b13\" data-element_type=\"widget\" data-widget_type=\"image.default\">\n\t\t\t\t\t\t\t\t\t\t\t\t\t\t\t\t<a href=\"http:\/\/koparkakolbudy.pl\/\">\n\t\t\t\t\t\t\t<img fetchpriority=\"high\" decoding=\"async\" width=\"500\" height=\"249\" src=\"http:\/\/koparkakolbudy.pl\/wp-content\/uploads\/2026\/01\/Tomek-Fierek-logo-1-e1769431049493.png\" class=\"attachment-full size-full wp-image-51\" alt=\"\" srcset=\"http:\/\/koparkakolbudy.pl\/wp-content\/uploads\/2026\/01\/Tomek-Fierek-logo-1-e1769431049493.png 500w, http:\/\/koparkakolbudy.pl\/wp-content\/uploads\/2026\/01\/Tomek-Fierek-logo-1-e1769431049493-300x149.png 300w\" sizes=\"(max-width: 500px) 100vw, 500px\" \/>\t\t\t\t\t\t\t\t<\/a>\n\t\t\t\t\t\t\t\t\t\t\t\t\t\t\t<\/div>\n\t\t\t\t<\/div>\n\t\t<div class=\"elementor-element elementor-element-727c8c2 e-flex e-con-boxed e-con e-parent\" data-id=\"727c8c2\" data-element_type=\"container\">\n\t\t\t\t\t<div class=\"e-con-inner\">\n\t\t\t\t<div class=\"elementor-element elementor-element-310b4fa elementor-widget elementor-widget-spacer\" data-id=\"310b4fa\" data-element_type=\"widget\" data-widget_type=\"spacer.default\">\n\t\t\t\t\t\t\t<div class=\"elementor-spacer\">\n\t\t\t<div class=\"elementor-spacer-inner\"><\/div>\n\t\t<\/div>\n\t\t\t\t\t\t<\/div>\n\t\t\t\t<div class=\"elementor-element elementor-element-7d045af elementor-widget elementor-widget-heading\" data-id=\"7d045af\" data-element_type=\"widget\" data-widget_type=\"heading.default\">\n\t\t\t\t\t<h2 class=\"elementor-heading-title elementor-size-default\"><a href=\"#Oferta\">OFERTA<\/a><\/h2>\t\t\t\t<\/div>\n\t\t\t\t<div class=\"elementor-element elementor-element-09482ef elementor-widget elementor-widget-spacer\" data-id=\"09482ef\" data-element_type=\"widget\" data-widget_type=\"spacer.default\">\n\t\t\t\t\t\t\t<div class=\"elementor-spacer\">\n\t\t\t<div class=\"elementor-spacer-inner\"><\/div>\n\t\t<\/div>\n\t\t\t\t\t\t<\/div>\n\t\t\t\t<div class=\"elementor-element elementor-element-042864e elementor-widget elementor-widget-heading\" data-id=\"042864e\" data-element_type=\"widget\" data-widget_type=\"heading.default\">\n\t\t\t\t\t<h2 class=\"elementor-heading-title elementor-size-default\"><a href=\"https:\/\/koparkakolbudy.pl\/?page_id=392\">SPRZ\u0118T<\/a><\/h2>\t\t\t\t<\/div>\n\t\t\t\t<div class=\"elementor-element elementor-element-22bb5e7 elementor-widget elementor-widget-spacer\" data-id=\"22bb5e7\" data-element_type=\"widget\" data-widget_type=\"spacer.default\">\n\t\t\t\t\t\t\t<div class=\"elementor-spacer\">\n\t\t\t<div class=\"elementor-spacer-inner\"><\/div>\n\t\t<\/div>\n\t\t\t\t\t\t<\/div>\n\t\t\t\t<div class=\"elementor-element elementor-element-9b37374 elementor-widget elementor-widget-heading\" data-id=\"9b37374\" data-element_type=\"widget\" data-widget_type=\"heading.default\">\n\t\t\t\t\t<h2 class=\"elementor-heading-title elementor-size-default\"><a href=\"http:\/\/koparkakolbudy.pl\/?page_id=432\">WSP\u00d3\u0141PRACA<\/a><\/h2>\t\t\t\t<\/div>\n\t\t\t\t<div class=\"elementor-element elementor-element-7f9e671 elementor-widget elementor-widget-spacer\" data-id=\"7f9e671\" data-element_type=\"widget\" data-widget_type=\"spacer.default\">\n\t\t\t\t\t\t\t<div class=\"elementor-spacer\">\n\t\t\t<div class=\"elementor-spacer-inner\"><\/div>\n\t\t<\/div>\n\t\t\t\t\t\t<\/div>\n\t\t\t\t<div class=\"elementor-element elementor-element-feed291 elementor-widget elementor-widget-heading\" data-id=\"feed291\" data-element_type=\"widget\" data-widget_type=\"heading.default\">\n\t\t\t\t\t<h2 class=\"elementor-heading-title elementor-size-default\"><a href=\"http:\/\/koparkakolbudy.pl\/?page_id=316\">KONTAKT<\/a><\/h2>\t\t\t\t<\/div>\n\t\t\t\t<div class=\"elementor-element elementor-element-f522f10 elementor-widget elementor-widget-spacer\" data-id=\"f522f10\" data-element_type=\"widget\" data-widget_type=\"spacer.default\">\n\t\t\t\t\t\t\t<div class=\"elementor-spacer\">\n\t\t\t<div class=\"elementor-spacer-inner\"><\/div>\n\t\t<\/div>\n\t\t\t\t\t\t<\/div>\n\t\t\t\t\t<\/div>\n\t\t\t\t<\/div>\n\t\t<div class=\"elementor-element elementor-element-c2bee8c e-flex e-con-boxed e-con e-parent\" data-id=\"c2bee8c\" data-element_type=\"container\">\n\t\t\t\t\t<div class=\"e-con-inner\">\n\t\t<div class=\"elementor-element elementor-element-b3ec286 e-con-full e-flex e-con e-child\" data-id=\"b3ec286\" data-element_type=\"container\">\n\t\t\t\t<\/div>\n\t\t\t\t<div class=\"elementor-element elementor-element-c0821cd elementor-widget elementor-widget-google_maps\" data-id=\"c0821cd\" data-element_type=\"widget\" data-widget_type=\"google_maps.default\">\n\t\t\t\t\t\t\t<div class=\"elementor-custom-embed\">\n\t\t\t<iframe loading=\"lazy\"\n\t\t\t\t\tsrc=\"https:\/\/maps.google.com\/maps?q=Kolbudy&#038;t=m&#038;z=13&#038;output=embed&#038;iwloc=near\"\n\t\t\t\t\ttitle=\"Kolbudy\"\n\t\t\t\t\taria-label=\"Kolbudy\"\n\t\t\t><\/iframe>\n\t\t<\/div>\n\t\t\t\t\t\t<\/div>\n\t\t<div class=\"elementor-element elementor-element-5fc3013 e-grid e-con-full e-con e-child\" data-id=\"5fc3013\" data-element_type=\"container\">\n\t\t\t\t<\/div>\n\t\t\t\t\t<\/div>\n\t\t\t\t<\/div>\n\t\t<div class=\"elementor-element elementor-element-88c278d e-flex e-con-boxed e-con e-parent\" data-id=\"88c278d\" data-element_type=\"container\">\n\t\t\t\t\t<div class=\"e-con-inner\">\n\t\t\t\t\t<\/div>\n\t\t\t\t<\/div>\n\t\t<div class=\"elementor-element elementor-element-09eaafc e-flex e-con-boxed e-con e-parent\" data-id=\"09eaafc\" data-element_type=\"container\">\n\t\t\t\t\t<div class=\"e-con-inner\">\n\t\t\t\t<div class=\"elementor-element elementor-element-01f820e elementor-widget elementor-widget-text-editor\" data-id=\"01f820e\" data-element_type=\"widget\" data-widget_type=\"text-editor.default\">\n\t\t\t\t\t\t\t\t\t<p>kolbudykoparka.pl 2026 | Wszystkie prawa zastrze\u017cone.<\/p>\t\t\t\t\t\t\t\t<\/div>\n\t\t\t\t\t<\/div>\n\t\t\t\t<\/div>\n\t\t\t\t<\/div>\n\t\t","protected":false},"excerpt":{"rendered":"<p>Ci\u0119\u017cka praca w terenie? Dzwo\u0144 \u015bmia\u0142o! 507 728 527 OFERTA SPRZ\u0118T WSP\u00d3\u0141PRACA KONTAKT kolbudykoparka.pl 2026 | Wszystkie prawa zastrze\u017cone.<\/p>\n","protected":false},"author":1,"featured_media":0,"parent":0,"menu_order":0,"comment_status":"closed","ping_status":"closed","template":"","meta":{"footnotes":""},"class_list":["post-23","page","type-page","status-publish","hentry"],"yoast_head":"<!-- This site is optimized with the Yoast SEO plugin v26.8 - https:\/\/yoast.com\/product\/yoast-seo-wordpress\/ -->\n<title>Strona g\u0142\u00f3wna - Tomek Fierek Us\u0142ugi Kopark\u0105<\/title>\n<meta name=\"robots\" content=\"index, follow, max-snippet:-1, max-image-preview:large, max-video-preview:-1\" \/>\n<link rel=\"canonical\" href=\"http:\/\/koparkakolbudy.pl\/\" \/>\n<meta property=\"og:locale\" content=\"en_US\" \/>\n<meta property=\"og:type\" content=\"article\" \/>\n<meta property=\"og:title\" content=\"Strona g\u0142\u00f3wna - Tomek Fierek Us\u0142ugi Kopark\u0105\" \/>\n<meta property=\"og:description\" content=\"Ci\u0119\u017cka praca w terenie? Dzwo\u0144 \u015bmia\u0142o! 507 728 527 OFERTA SPRZ\u0118T WSP\u00d3\u0141PRACA KONTAKT kolbudykoparka.pl 2026 | Wszystkie prawa zastrze\u017cone.\" \/>\n<meta property=\"og:url\" content=\"http:\/\/koparkakolbudy.pl\/\" \/>\n<meta property=\"og:site_name\" content=\"Tomek Fierek Us\u0142ugi Kopark\u0105\" \/>\n<meta property=\"article:modified_time\" content=\"2026-02-01T13:06:31+00:00\" \/>\n<meta property=\"og:image\" content=\"http:\/\/koparkakolbudy.pl\/wp-content\/uploads\/2026\/01\/Tomek-Fierek-logo-1-e1769431049493.png\" \/>\n<meta name=\"twitter:card\" content=\"summary_large_image\" \/>\n<meta name=\"twitter:label1\" content=\"Est. reading time\" \/>\n\t<meta name=\"twitter:data1\" content=\"1 minute\" \/>\n<script type=\"application\/ld+json\" class=\"yoast-schema-graph\">{\"@context\":\"https:\/\/schema.org\",\"@graph\":[{\"@type\":\"WebPage\",\"@id\":\"http:\/\/koparkakolbudy.pl\/\",\"url\":\"http:\/\/koparkakolbudy.pl\/\",\"name\":\"Strona g\u0142\u00f3wna - Tomek Fierek Us\u0142ugi Kopark\u0105\",\"isPartOf\":{\"@id\":\"http:\/\/koparkakolbudy.pl\/#website\"},\"primaryImageOfPage\":{\"@id\":\"http:\/\/koparkakolbudy.pl\/#primaryimage\"},\"image\":{\"@id\":\"http:\/\/koparkakolbudy.pl\/#primaryimage\"},\"thumbnailUrl\":\"http:\/\/koparkakolbudy.pl\/wp-content\/uploads\/2026\/01\/Tomek-Fierek-logo-1-e1769431049493.png\",\"datePublished\":\"2026-01-26T12:18:58+00:00\",\"dateModified\":\"2026-02-01T13:06:31+00:00\",\"breadcrumb\":{\"@id\":\"http:\/\/koparkakolbudy.pl\/#breadcrumb\"},\"inLanguage\":\"en-US\",\"potentialAction\":[{\"@type\":\"ReadAction\",\"target\":[\"http:\/\/koparkakolbudy.pl\/\"]}]},{\"@type\":\"ImageObject\",\"inLanguage\":\"en-US\",\"@id\":\"http:\/\/koparkakolbudy.pl\/#primaryimage\",\"url\":\"https:\/\/koparkakolbudy.pl\/wp-content\/uploads\/2026\/01\/Tomek-Fierek-logo-1-e1769431049493.png\",\"contentUrl\":\"https:\/\/koparkakolbudy.pl\/wp-content\/uploads\/2026\/01\/Tomek-Fierek-logo-1-e1769431049493.png\",\"width\":500,\"height\":249},{\"@type\":\"BreadcrumbList\",\"@id\":\"http:\/\/koparkakolbudy.pl\/#breadcrumb\",\"itemListElement\":[{\"@type\":\"ListItem\",\"position\":1,\"name\":\"Home\",\"item\":\"http:\/\/koparkakolbudy.pl\/\"},{\"@type\":\"ListItem\",\"position\":2,\"name\":\"Strona g\u0142\u00f3wna\"}]},{\"@type\":\"WebSite\",\"@id\":\"http:\/\/koparkakolbudy.pl\/#website\",\"url\":\"http:\/\/koparkakolbudy.pl\/\",\"name\":\"Tomek Fierek Us\u0142ugi Kopark\u0105\",\"description\":\"\",\"publisher\":{\"@id\":\"http:\/\/koparkakolbudy.pl\/#organization\"},\"potentialAction\":[{\"@type\":\"SearchAction\",\"target\":{\"@type\":\"EntryPoint\",\"urlTemplate\":\"http:\/\/koparkakolbudy.pl\/?s={search_term_string}\"},\"query-input\":{\"@type\":\"PropertyValueSpecification\",\"valueRequired\":true,\"valueName\":\"search_term_string\"}}],\"inLanguage\":\"en-US\"},{\"@type\":\"Organization\",\"@id\":\"http:\/\/koparkakolbudy.pl\/#organization\",\"name\":\"Tomek Fierek Us\u0142ugi Kopark\u0105\",\"url\":\"http:\/\/koparkakolbudy.pl\/\",\"logo\":{\"@type\":\"ImageObject\",\"inLanguage\":\"en-US\",\"@id\":\"http:\/\/koparkakolbudy.pl\/#\/schema\/logo\/image\/\",\"url\":\"https:\/\/koparkakolbudy.pl\/wp-content\/uploads\/2026\/01\/cropped-Tomek-Fierek-logo.png\",\"contentUrl\":\"https:\/\/koparkakolbudy.pl\/wp-content\/uploads\/2026\/01\/cropped-Tomek-Fierek-logo.png\",\"width\":500,\"height\":500,\"caption\":\"Tomek Fierek Us\u0142ugi Kopark\u0105\"},\"image\":{\"@id\":\"http:\/\/koparkakolbudy.pl\/#\/schema\/logo\/image\/\"}}]}<\/script>\n<!-- \/ Yoast SEO plugin. -->","yoast_head_json":{"title":"Strona g\u0142\u00f3wna - Tomek Fierek Us\u0142ugi Kopark\u0105","robots":{"index":"index","follow":"follow","max-snippet":"max-snippet:-1","max-image-preview":"max-image-preview:large","max-video-preview":"max-video-preview:-1"},"canonical":"http:\/\/koparkakolbudy.pl\/","og_locale":"en_US","og_type":"article","og_title":"Strona g\u0142\u00f3wna - Tomek Fierek Us\u0142ugi Kopark\u0105","og_description":"Ci\u0119\u017cka praca w terenie? Dzwo\u0144 \u015bmia\u0142o! 507 728 527 OFERTA SPRZ\u0118T WSP\u00d3\u0141PRACA KONTAKT kolbudykoparka.pl 2026 | Wszystkie prawa zastrze\u017cone.","og_url":"http:\/\/koparkakolbudy.pl\/","og_site_name":"Tomek Fierek Us\u0142ugi Kopark\u0105","article_modified_time":"2026-02-01T13:06:31+00:00","og_image":[{"url":"http:\/\/koparkakolbudy.pl\/wp-content\/uploads\/2026\/01\/Tomek-Fierek-logo-1-e1769431049493.png","type":"","width":"","height":""}],"twitter_card":"summary_large_image","twitter_misc":{"Est. reading time":"1 minute"},"schema":{"@context":"https:\/\/schema.org","@graph":[{"@type":"WebPage","@id":"http:\/\/koparkakolbudy.pl\/","url":"http:\/\/koparkakolbudy.pl\/","name":"Strona g\u0142\u00f3wna - Tomek Fierek Us\u0142ugi Kopark\u0105","isPartOf":{"@id":"http:\/\/koparkakolbudy.pl\/#website"},"primaryImageOfPage":{"@id":"http:\/\/koparkakolbudy.pl\/#primaryimage"},"image":{"@id":"http:\/\/koparkakolbudy.pl\/#primaryimage"},"thumbnailUrl":"http:\/\/koparkakolbudy.pl\/wp-content\/uploads\/2026\/01\/Tomek-Fierek-logo-1-e1769431049493.png","datePublished":"2026-01-26T12:18:58+00:00","dateModified":"2026-02-01T13:06:31+00:00","breadcrumb":{"@id":"http:\/\/koparkakolbudy.pl\/#breadcrumb"},"inLanguage":"en-US","potentialAction":[{"@type":"ReadAction","target":["http:\/\/koparkakolbudy.pl\/"]}]},{"@type":"ImageObject","inLanguage":"en-US","@id":"http:\/\/koparkakolbudy.pl\/#primaryimage","url":"https:\/\/koparkakolbudy.pl\/wp-content\/uploads\/2026\/01\/Tomek-Fierek-logo-1-e1769431049493.png","contentUrl":"https:\/\/koparkakolbudy.pl\/wp-content\/uploads\/2026\/01\/Tomek-Fierek-logo-1-e1769431049493.png","width":500,"height":249},{"@type":"BreadcrumbList","@id":"http:\/\/koparkakolbudy.pl\/#breadcrumb","itemListElement":[{"@type":"ListItem","position":1,"name":"Home","item":"http:\/\/koparkakolbudy.pl\/"},{"@type":"ListItem","position":2,"name":"Strona g\u0142\u00f3wna"}]},{"@type":"WebSite","@id":"http:\/\/koparkakolbudy.pl\/#website","url":"http:\/\/koparkakolbudy.pl\/","name":"Tomek Fierek Us\u0142ugi Kopark\u0105","description":"","publisher":{"@id":"http:\/\/koparkakolbudy.pl\/#organization"},"potentialAction":[{"@type":"SearchAction","target":{"@type":"EntryPoint","urlTemplate":"http:\/\/koparkakolbudy.pl\/?s={search_term_string}"},"query-input":{"@type":"PropertyValueSpecification","valueRequired":true,"valueName":"search_term_string"}}],"inLanguage":"en-US"},{"@type":"Organization","@id":"http:\/\/koparkakolbudy.pl\/#organization","name":"Tomek Fierek Us\u0142ugi Kopark\u0105","url":"http:\/\/koparkakolbudy.pl\/","logo":{"@type":"ImageObject","inLanguage":"en-US","@id":"http:\/\/koparkakolbudy.pl\/#\/schema\/logo\/image\/","url":"https:\/\/koparkakolbudy.pl\/wp-content\/uploads\/2026\/01\/cropped-Tomek-Fierek-logo.png","contentUrl":"https:\/\/koparkakolbudy.pl\/wp-content\/uploads\/2026\/01\/cropped-Tomek-Fierek-logo.png","width":500,"height":500,"caption":"Tomek Fierek Us\u0142ugi Kopark\u0105"},"image":{"@id":"http:\/\/koparkakolbudy.pl\/#\/schema\/logo\/image\/"}}]}},"_links":{"self":[{"href":"https:\/\/koparkakolbudy.pl\/index.php?rest_route=\/wp\/v2\/pages\/23","targetHints":{"allow":["GET"]}}],"collection":[{"href":"https:\/\/koparkakolbudy.pl\/index.php?rest_route=\/wp\/v2\/pages"}],"about":[{"href":"https:\/\/koparkakolbudy.pl\/index.php?rest_route=\/wp\/v2\/types\/page"}],"author":[{"embeddable":true,"href":"https:\/\/koparkakolbudy.pl\/index.php?rest_route=\/wp\/v2\/users\/1"}],"replies":[{"embeddable":true,"href":"https:\/\/koparkakolbudy.pl\/index.php?rest_route=%2Fwp%2Fv2%2Fcomments&post=23"}],"version-history":[{"count":244,"href":"https:\/\/koparkakolbudy.pl\/index.php?rest_route=\/wp\/v2\/pages\/23\/revisions"}],"predecessor-version":[{"id":486,"href":"https:\/\/koparkakolbudy.pl\/index.php?rest_route=\/wp\/v2\/pages\/23\/revisions\/486"}],"wp:attachment":[{"href":"https:\/\/koparkakolbudy.pl\/index.php?rest_route=%2Fwp%2Fv2%2Fmedia&parent=23"}],"curies":[{"name":"wp","href":"https:\/\/api.w.org\/{rel}","templated":true}]}}