{"id":316,"date":"2026-02-01T10:32:14","date_gmt":"2026-02-01T09:32:14","guid":{"rendered":"http:\/\/koparkakolbudy.pl\/?page_id=316"},"modified":"2026-02-01T14:06:09","modified_gmt":"2026-02-01T13:06:09","slug":"elementor-strona-316","status":"publish","type":"page","link":"https:\/\/koparkakolbudy.pl\/?page_id=316","title":{"rendered":"Kontakt"},"content":{"rendered":"\t\t<div data-elementor-type=\"wp-page\" data-elementor-id=\"316\" class=\"elementor elementor-316\">\n\t\t\t\t<div class=\"elementor-element elementor-element-6b97232d e-flex e-con-boxed e-con e-parent\" data-id=\"6b97232d\" data-element_type=\"container\" data-settings=\"{&quot;background_background&quot;:&quot;classic&quot;}\">\n\t\t\t\t\t<div class=\"e-con-inner\">\n\t\t\t\t<div class=\"elementor-element elementor-element-7356b4ed elementor-widget elementor-widget-heading\" data-id=\"7356b4ed\" data-element_type=\"widget\" data-widget_type=\"heading.default\">\n\t\t\t\t\t<h2 class=\"elementor-heading-title elementor-size-default\">Ci\u0119\u017cka praca w terenie? Dzwo\u0144 \u015bmia\u0142o!<\/h2>\t\t\t\t<\/div>\n\t\t\t\t<div class=\"elementor-element elementor-element-361bedc elementor-align-center elementor-widget elementor-widget-button\" data-id=\"361bedc\" data-element_type=\"widget\" data-widget_type=\"button.default\">\n\t\t\t\t\t\t\t\t\t\t<a class=\"elementor-button elementor-button-link elementor-size-sm\" href=\"tel:%20+48507728527\">\n\t\t\t\t\t\t<span class=\"elementor-button-content-wrapper\">\n\t\t\t\t\t\t\t\t\t<span class=\"elementor-button-text\">507 728 527<\/span>\n\t\t\t\t\t<\/span>\n\t\t\t\t\t<\/a>\n\t\t\t\t\t\t\t\t<\/div>\n\t\t\t\t\t<\/div>\n\t\t\t\t<\/div>\n\t\t<div class=\"elementor-element elementor-element-2c1a30ae e-con-full e-flex e-con e-parent\" data-id=\"2c1a30ae\" data-element_type=\"container\" data-settings=\"{&quot;background_background&quot;:&quot;classic&quot;}\">\n\t\t\t\t<div class=\"elementor-element elementor-element-6fef7a35 elementor-widget elementor-widget-image\" data-id=\"6fef7a35\" data-element_type=\"widget\" data-widget_type=\"image.default\">\n\t\t\t\t\t\t\t\t\t\t\t\t\t\t\t\t<a href=\"http:\/\/koparkakolbudy.pl\/\">\n\t\t\t\t\t\t\t<img fetchpriority=\"high\" decoding=\"async\" width=\"500\" height=\"249\" src=\"https:\/\/koparkakolbudy.pl\/wp-content\/uploads\/2026\/01\/Tomek-Fierek-logo-1-e1769431049493.png\" class=\"attachment-full size-full wp-image-51\" alt=\"\" srcset=\"https:\/\/koparkakolbudy.pl\/wp-content\/uploads\/2026\/01\/Tomek-Fierek-logo-1-e1769431049493.png 500w, https:\/\/koparkakolbudy.pl\/wp-content\/uploads\/2026\/01\/Tomek-Fierek-logo-1-e1769431049493-300x149.png 300w\" sizes=\"(max-width: 500px) 100vw, 500px\" \/>\t\t\t\t\t\t\t\t<\/a>\n\t\t\t\t\t\t\t\t\t\t\t\t\t\t\t<\/div>\n\t\t\t\t<\/div>\n\t\t<div class=\"elementor-element elementor-element-25574b35 e-flex e-con-boxed e-con e-parent\" data-id=\"25574b35\" data-element_type=\"container\">\n\t\t\t\t\t<div class=\"e-con-inner\">\n\t\t\t\t<div class=\"elementor-element elementor-element-44d50c6c elementor-widget elementor-widget-spacer\" data-id=\"44d50c6c\" data-element_type=\"widget\" data-widget_type=\"spacer.default\">\n\t\t\t\t\t\t\t<div class=\"elementor-spacer\">\n\t\t\t<div class=\"elementor-spacer-inner\"><\/div>\n\t\t<\/div>\n\t\t\t\t\t\t<\/div>\n\t\t\t\t<div class=\"elementor-element elementor-element-72c5d5de elementor-widget elementor-widget-heading\" data-id=\"72c5d5de\" data-element_type=\"widget\" data-widget_type=\"heading.default\">\n\t\t\t\t\t<h2 class=\"elementor-heading-title elementor-size-default\"><a href=\"http:\/\/koparkakolbudy.pl\/?page_id=349\">OFERTA<\/a><\/h2>\t\t\t\t<\/div>\n\t\t\t\t<div class=\"elementor-element elementor-element-670463d6 elementor-widget elementor-widget-spacer\" data-id=\"670463d6\" data-element_type=\"widget\" data-widget_type=\"spacer.default\">\n\t\t\t\t\t\t\t<div class=\"elementor-spacer\">\n\t\t\t<div class=\"elementor-spacer-inner\"><\/div>\n\t\t<\/div>\n\t\t\t\t\t\t<\/div>\n\t\t\t\t<div class=\"elementor-element elementor-element-5e3160ad elementor-widget elementor-widget-heading\" data-id=\"5e3160ad\" data-element_type=\"widget\" data-widget_type=\"heading.default\">\n\t\t\t\t\t<h2 class=\"elementor-heading-title elementor-size-default\"><a href=\"http:\/\/koparkakolbudy.pl\/?page_id=392\">SPRZ\u0118T<\/a><\/h2>\t\t\t\t<\/div>\n\t\t\t\t<div class=\"elementor-element elementor-element-c03cd72 elementor-widget elementor-widget-spacer\" data-id=\"c03cd72\" data-element_type=\"widget\" data-widget_type=\"spacer.default\">\n\t\t\t\t\t\t\t<div class=\"elementor-spacer\">\n\t\t\t<div class=\"elementor-spacer-inner\"><\/div>\n\t\t<\/div>\n\t\t\t\t\t\t<\/div>\n\t\t\t\t<div class=\"elementor-element elementor-element-6d41d29f elementor-widget elementor-widget-heading\" data-id=\"6d41d29f\" data-element_type=\"widget\" data-widget_type=\"heading.default\">\n\t\t\t\t\t<h2 class=\"elementor-heading-title elementor-size-default\"><a href=\"http:\/\/koparkakolbudy.pl\/?page_id=432\">WSP\u00d3\u0141PRACA<\/a><\/h2>\t\t\t\t<\/div>\n\t\t\t\t<div class=\"elementor-element elementor-element-3b67f5cd elementor-widget elementor-widget-spacer\" data-id=\"3b67f5cd\" data-element_type=\"widget\" data-widget_type=\"spacer.default\">\n\t\t\t\t\t\t\t<div class=\"elementor-spacer\">\n\t\t\t<div class=\"elementor-spacer-inner\"><\/div>\n\t\t<\/div>\n\t\t\t\t\t\t<\/div>\n\t\t\t\t<div class=\"elementor-element elementor-element-7f1f97e9 elementor-widget elementor-widget-heading\" data-id=\"7f1f97e9\" data-element_type=\"widget\" data-widget_type=\"heading.default\">\n\t\t\t\t\t<h2 class=\"elementor-heading-title elementor-size-default\"><a href=\"http:\/\/koparkakolbudy.pl\/?page_id=316\">KONTAKT<\/a><\/h2>\t\t\t\t<\/div>\n\t\t\t\t<div class=\"elementor-element elementor-element-7c5c8e6a elementor-widget elementor-widget-spacer\" data-id=\"7c5c8e6a\" data-element_type=\"widget\" data-widget_type=\"spacer.default\">\n\t\t\t\t\t\t\t<div class=\"elementor-spacer\">\n\t\t\t<div class=\"elementor-spacer-inner\"><\/div>\n\t\t<\/div>\n\t\t\t\t\t\t<\/div>\n\t\t\t\t\t<\/div>\n\t\t\t\t<\/div>\n\t\t<div class=\"elementor-element elementor-element-30809f6c e-flex e-con-boxed e-con e-parent\" data-id=\"30809f6c\" data-element_type=\"container\" data-settings=\"{&quot;shape_divider_top&quot;:&quot;tilt&quot;}\">\n\t\t\t\t\t<div class=\"e-con-inner\">\n\t\t\t\t<div class=\"elementor-shape elementor-shape-top\" aria-hidden=\"true\" data-negative=\"false\">\n\t\t\t<svg xmlns=\"http:\/\/www.w3.org\/2000\/svg\" viewBox=\"0 0 1000 100\" preserveAspectRatio=\"none\">\n\t<path class=\"elementor-shape-fill\" d=\"M0,6V0h1000v100L0,6z\"\/>\n<\/svg>\t\t<\/div>\n\t\t<div class=\"elementor-element elementor-element-5da3f729 e-con-full e-flex e-con e-child\" data-id=\"5da3f729\" data-element_type=\"container\">\n\t\t\t\t<div class=\"elementor-element elementor-element-b1eeb5e elementor-align-center elementor-widget elementor-widget-button\" data-id=\"b1eeb5e\" data-element_type=\"widget\" data-widget_type=\"button.default\">\n\t\t\t\t\t\t\t\t\t\t<a class=\"elementor-button elementor-button-link elementor-size-sm\" href=\"mailto:biuro@koparkakolbudy.pl\" tel=\"\">\n\t\t\t\t\t\t<span class=\"elementor-button-content-wrapper\">\n\t\t\t\t\t\t<span class=\"elementor-button-icon\">\n\t\t\t\t<svg aria-hidden=\"true\" class=\"e-font-icon-svg e-fas-mail-bulk\" viewBox=\"0 0 576 512\" xmlns=\"http:\/\/www.w3.org\/2000\/svg\"><path d=\"M160 448c-25.6 0-51.2-22.4-64-32-64-44.8-83.2-60.8-96-70.4V480c0 17.67 14.33 32 32 32h256c17.67 0 32-14.33 32-32V345.6c-12.8 9.6-32 25.6-96 70.4-12.8 9.6-38.4 32-64 32zm128-192H32c-17.67 0-32 14.33-32 32v16c25.6 19.2 22.4 19.2 115.2 86.4 9.6 6.4 28.8 25.6 44.8 25.6s35.2-19.2 44.8-22.4c92.8-67.2 89.6-67.2 115.2-86.4V288c0-17.67-14.33-32-32-32zm256-96H224c-17.67 0-32 14.33-32 32v32h96c33.21 0 60.59 25.42 63.71 57.82l.29-.22V416h192c17.67 0 32-14.33 32-32V192c0-17.67-14.33-32-32-32zm-32 128h-64v-64h64v64zm-352-96c0-35.29 28.71-64 64-64h224V32c0-17.67-14.33-32-32-32H96C78.33 0 64 14.33 64 32v192h96v-32z\"><\/path><\/svg>\t\t\t<\/span>\n\t\t\t\t\t\t\t\t\t<span class=\"elementor-button-text\">NAPISZ<\/span>\n\t\t\t\t\t<\/span>\n\t\t\t\t\t<\/a>\n\t\t\t\t\t\t\t\t<\/div>\n\t\t\t\t<div class=\"elementor-element elementor-element-8b73663 elementor-align-center elementor-widget elementor-widget-button\" data-id=\"8b73663\" data-element_type=\"widget\" data-widget_type=\"button.default\">\n\t\t\t\t\t\t\t\t\t\t<a class=\"elementor-button elementor-button-link elementor-size-sm\" href=\"tel:%20+48510701973\" tel=\"\">\n\t\t\t\t\t\t<span class=\"elementor-button-content-wrapper\">\n\t\t\t\t\t\t<span class=\"elementor-button-icon\">\n\t\t\t\t<svg aria-hidden=\"true\" class=\"e-font-icon-svg e-fas-phone-square\" viewBox=\"0 0 448 512\" xmlns=\"http:\/\/www.w3.org\/2000\/svg\"><path d=\"M400 32H48C21.49 32 0 53.49 0 80v352c0 26.51 21.49 48 48 48h352c26.51 0 48-21.49 48-48V80c0-26.51-21.49-48-48-48zM94 416c-7.033 0-13.057-4.873-14.616-11.627l-14.998-65a15 15 0 0 1 8.707-17.16l69.998-29.999a15 15 0 0 1 17.518 4.289l30.997 37.885c48.944-22.963 88.297-62.858 110.781-110.78l-37.886-30.997a15.001 15.001 0 0 1-4.289-17.518l30-69.998a15 15 0 0 1 17.16-8.707l65 14.998A14.997 14.997 0 0 1 384 126c0 160.292-129.945 290-290 290z\"><\/path><\/svg>\t\t\t<\/span>\n\t\t\t\t\t\t\t\t\t<span class=\"elementor-button-text\">ZADZWO\u0143 TERAZ<\/span>\n\t\t\t\t\t<\/span>\n\t\t\t\t\t<\/a>\n\t\t\t\t\t\t\t\t<\/div>\n\t\t\t\t<\/div>\n\t\t\t\t<div class=\"elementor-element elementor-element-5dc7d419 elementor-widget elementor-widget-google_maps\" data-id=\"5dc7d419\" data-element_type=\"widget\" data-widget_type=\"google_maps.default\">\n\t\t\t\t\t\t\t<div class=\"elementor-custom-embed\">\n\t\t\t<iframe loading=\"lazy\"\n\t\t\t\t\tsrc=\"https:\/\/maps.google.com\/maps?q=Kolbudy&#038;t=m&#038;z=13&#038;output=embed&#038;iwloc=near\"\n\t\t\t\t\ttitle=\"Kolbudy\"\n\t\t\t\t\taria-label=\"Kolbudy\"\n\t\t\t><\/iframe>\n\t\t<\/div>\n\t\t\t\t\t\t<\/div>\n\t\t<div class=\"elementor-element elementor-element-73eae0df e-grid e-con-full e-con e-child\" data-id=\"73eae0df\" data-element_type=\"container\">\n\t\t\t\t<\/div>\n\t\t\t\t\t<\/div>\n\t\t\t\t<\/div>\n\t\t<div class=\"elementor-element elementor-element-1db65f1c e-flex e-con-boxed e-con e-parent\" data-id=\"1db65f1c\" data-element_type=\"container\">\n\t\t\t\t\t<div class=\"e-con-inner\">\n\t\t\t\t\t<\/div>\n\t\t\t\t<\/div>\n\t\t<div class=\"elementor-element elementor-element-3f1f5773 e-flex e-con-boxed e-con e-parent\" data-id=\"3f1f5773\" data-element_type=\"container\">\n\t\t\t\t\t<div class=\"e-con-inner\">\n\t\t\t\t<div class=\"elementor-element elementor-element-61654647 elementor-widget elementor-widget-text-editor\" data-id=\"61654647\" data-element_type=\"widget\" data-widget_type=\"text-editor.default\">\n\t\t\t\t\t\t\t\t\t<p>kolbudykoparka.pl 2026 | Wszystkie prawa zastrze\u017cone.<\/p>\t\t\t\t\t\t\t\t<\/div>\n\t\t\t\t\t<\/div>\n\t\t\t\t<\/div>\n\t\t\t\t<\/div>\n\t\t","protected":false},"excerpt":{"rendered":"<p>Ci\u0119\u017cka praca w terenie? Dzwo\u0144 \u015bmia\u0142o! 507 728 527 OFERTA SPRZ\u0118T WSP\u00d3\u0141PRACA KONTAKT NAPISZ ZADZWO\u0143 TERAZ kolbudykoparka.pl 2026 | Wszystkie prawa zastrze\u017cone.<\/p>\n","protected":false},"author":1,"featured_media":0,"parent":0,"menu_order":0,"comment_status":"closed","ping_status":"closed","template":"","meta":{"footnotes":""},"class_list":["post-316","page","type-page","status-publish","hentry"],"yoast_head":"<!-- This site is optimized with the Yoast SEO plugin v26.8 - https:\/\/yoast.com\/product\/yoast-seo-wordpress\/ -->\n<title>Kontakt - Tomek Fierek Us\u0142ugi Kopark\u0105<\/title>\n<meta name=\"robots\" content=\"index, follow, max-snippet:-1, max-image-preview:large, max-video-preview:-1\" \/>\n<link rel=\"canonical\" href=\"https:\/\/koparkakolbudy.pl\/?page_id=316\" \/>\n<meta property=\"og:locale\" content=\"en_US\" \/>\n<meta property=\"og:type\" content=\"article\" \/>\n<meta property=\"og:title\" content=\"Kontakt - Tomek Fierek Us\u0142ugi Kopark\u0105\" \/>\n<meta property=\"og:description\" content=\"Ci\u0119\u017cka praca w terenie? Dzwo\u0144 \u015bmia\u0142o! 507 728 527 OFERTA SPRZ\u0118T WSP\u00d3\u0141PRACA KONTAKT NAPISZ ZADZWO\u0143 TERAZ kolbudykoparka.pl 2026 | Wszystkie prawa zastrze\u017cone.\" \/>\n<meta property=\"og:url\" content=\"https:\/\/koparkakolbudy.pl\/?page_id=316\" \/>\n<meta property=\"og:site_name\" content=\"Tomek Fierek Us\u0142ugi Kopark\u0105\" \/>\n<meta property=\"article:modified_time\" content=\"2026-02-01T13:06:09+00:00\" \/>\n<meta property=\"og:image\" content=\"http:\/\/koparkakolbudy.pl\/wp-content\/uploads\/2026\/01\/Tomek-Fierek-logo-1-e1769431049493.png\" \/>\n<meta name=\"twitter:card\" content=\"summary_large_image\" \/>\n<meta name=\"twitter:label1\" content=\"Est. reading time\" \/>\n\t<meta name=\"twitter:data1\" content=\"1 minute\" \/>\n<script type=\"application\/ld+json\" class=\"yoast-schema-graph\">{\"@context\":\"https:\/\/schema.org\",\"@graph\":[{\"@type\":\"WebPage\",\"@id\":\"https:\/\/koparkakolbudy.pl\/?page_id=316\",\"url\":\"https:\/\/koparkakolbudy.pl\/?page_id=316\",\"name\":\"Kontakt - Tomek Fierek Us\u0142ugi Kopark\u0105\",\"isPartOf\":{\"@id\":\"https:\/\/koparkakolbudy.pl\/#website\"},\"primaryImageOfPage\":{\"@id\":\"https:\/\/koparkakolbudy.pl\/?page_id=316#primaryimage\"},\"image\":{\"@id\":\"https:\/\/koparkakolbudy.pl\/?page_id=316#primaryimage\"},\"thumbnailUrl\":\"http:\/\/koparkakolbudy.pl\/wp-content\/uploads\/2026\/01\/Tomek-Fierek-logo-1-e1769431049493.png\",\"datePublished\":\"2026-02-01T09:32:14+00:00\",\"dateModified\":\"2026-02-01T13:06:09+00:00\",\"breadcrumb\":{\"@id\":\"https:\/\/koparkakolbudy.pl\/?page_id=316#breadcrumb\"},\"inLanguage\":\"en-US\",\"potentialAction\":[{\"@type\":\"ReadAction\",\"target\":[\"https:\/\/koparkakolbudy.pl\/?page_id=316\"]}]},{\"@type\":\"ImageObject\",\"inLanguage\":\"en-US\",\"@id\":\"https:\/\/koparkakolbudy.pl\/?page_id=316#primaryimage\",\"url\":\"https:\/\/koparkakolbudy.pl\/wp-content\/uploads\/2026\/01\/Tomek-Fierek-logo-1-e1769431049493.png\",\"contentUrl\":\"https:\/\/koparkakolbudy.pl\/wp-content\/uploads\/2026\/01\/Tomek-Fierek-logo-1-e1769431049493.png\",\"width\":500,\"height\":249},{\"@type\":\"BreadcrumbList\",\"@id\":\"https:\/\/koparkakolbudy.pl\/?page_id=316#breadcrumb\",\"itemListElement\":[{\"@type\":\"ListItem\",\"position\":1,\"name\":\"Home\",\"item\":\"https:\/\/koparkakolbudy.pl\/\"},{\"@type\":\"ListItem\",\"position\":2,\"name\":\"Kontakt\"}]},{\"@type\":\"WebSite\",\"@id\":\"https:\/\/koparkakolbudy.pl\/#website\",\"url\":\"https:\/\/koparkakolbudy.pl\/\",\"name\":\"Tomek Fierek Us\u0142ugi Kopark\u0105\",\"description\":\"\",\"publisher\":{\"@id\":\"https:\/\/koparkakolbudy.pl\/#organization\"},\"potentialAction\":[{\"@type\":\"SearchAction\",\"target\":{\"@type\":\"EntryPoint\",\"urlTemplate\":\"https:\/\/koparkakolbudy.pl\/?s={search_term_string}\"},\"query-input\":{\"@type\":\"PropertyValueSpecification\",\"valueRequired\":true,\"valueName\":\"search_term_string\"}}],\"inLanguage\":\"en-US\"},{\"@type\":\"Organization\",\"@id\":\"https:\/\/koparkakolbudy.pl\/#organization\",\"name\":\"Tomek Fierek Us\u0142ugi Kopark\u0105\",\"url\":\"https:\/\/koparkakolbudy.pl\/\",\"logo\":{\"@type\":\"ImageObject\",\"inLanguage\":\"en-US\",\"@id\":\"https:\/\/koparkakolbudy.pl\/#\/schema\/logo\/image\/\",\"url\":\"https:\/\/koparkakolbudy.pl\/wp-content\/uploads\/2026\/01\/cropped-Tomek-Fierek-logo.png\",\"contentUrl\":\"https:\/\/koparkakolbudy.pl\/wp-content\/uploads\/2026\/01\/cropped-Tomek-Fierek-logo.png\",\"width\":500,\"height\":500,\"caption\":\"Tomek Fierek Us\u0142ugi Kopark\u0105\"},\"image\":{\"@id\":\"https:\/\/koparkakolbudy.pl\/#\/schema\/logo\/image\/\"}}]}<\/script>\n<!-- \/ Yoast SEO plugin. -->","yoast_head_json":{"title":"Kontakt - Tomek Fierek Us\u0142ugi Kopark\u0105","robots":{"index":"index","follow":"follow","max-snippet":"max-snippet:-1","max-image-preview":"max-image-preview:large","max-video-preview":"max-video-preview:-1"},"canonical":"https:\/\/koparkakolbudy.pl\/?page_id=316","og_locale":"en_US","og_type":"article","og_title":"Kontakt - Tomek Fierek Us\u0142ugi Kopark\u0105","og_description":"Ci\u0119\u017cka praca w terenie? Dzwo\u0144 \u015bmia\u0142o! 507 728 527 OFERTA SPRZ\u0118T WSP\u00d3\u0141PRACA KONTAKT NAPISZ ZADZWO\u0143 TERAZ kolbudykoparka.pl 2026 | Wszystkie prawa zastrze\u017cone.","og_url":"https:\/\/koparkakolbudy.pl\/?page_id=316","og_site_name":"Tomek Fierek Us\u0142ugi Kopark\u0105","article_modified_time":"2026-02-01T13:06:09+00:00","og_image":[{"url":"http:\/\/koparkakolbudy.pl\/wp-content\/uploads\/2026\/01\/Tomek-Fierek-logo-1-e1769431049493.png","type":"","width":"","height":""}],"twitter_card":"summary_large_image","twitter_misc":{"Est. reading time":"1 minute"},"schema":{"@context":"https:\/\/schema.org","@graph":[{"@type":"WebPage","@id":"https:\/\/koparkakolbudy.pl\/?page_id=316","url":"https:\/\/koparkakolbudy.pl\/?page_id=316","name":"Kontakt - Tomek Fierek Us\u0142ugi Kopark\u0105","isPartOf":{"@id":"https:\/\/koparkakolbudy.pl\/#website"},"primaryImageOfPage":{"@id":"https:\/\/koparkakolbudy.pl\/?page_id=316#primaryimage"},"image":{"@id":"https:\/\/koparkakolbudy.pl\/?page_id=316#primaryimage"},"thumbnailUrl":"http:\/\/koparkakolbudy.pl\/wp-content\/uploads\/2026\/01\/Tomek-Fierek-logo-1-e1769431049493.png","datePublished":"2026-02-01T09:32:14+00:00","dateModified":"2026-02-01T13:06:09+00:00","breadcrumb":{"@id":"https:\/\/koparkakolbudy.pl\/?page_id=316#breadcrumb"},"inLanguage":"en-US","potentialAction":[{"@type":"ReadAction","target":["https:\/\/koparkakolbudy.pl\/?page_id=316"]}]},{"@type":"ImageObject","inLanguage":"en-US","@id":"https:\/\/koparkakolbudy.pl\/?page_id=316#primaryimage","url":"https:\/\/koparkakolbudy.pl\/wp-content\/uploads\/2026\/01\/Tomek-Fierek-logo-1-e1769431049493.png","contentUrl":"https:\/\/koparkakolbudy.pl\/wp-content\/uploads\/2026\/01\/Tomek-Fierek-logo-1-e1769431049493.png","width":500,"height":249},{"@type":"BreadcrumbList","@id":"https:\/\/koparkakolbudy.pl\/?page_id=316#breadcrumb","itemListElement":[{"@type":"ListItem","position":1,"name":"Home","item":"https:\/\/koparkakolbudy.pl\/"},{"@type":"ListItem","position":2,"name":"Kontakt"}]},{"@type":"WebSite","@id":"https:\/\/koparkakolbudy.pl\/#website","url":"https:\/\/koparkakolbudy.pl\/","name":"Tomek Fierek Us\u0142ugi Kopark\u0105","description":"","publisher":{"@id":"https:\/\/koparkakolbudy.pl\/#organization"},"potentialAction":[{"@type":"SearchAction","target":{"@type":"EntryPoint","urlTemplate":"https:\/\/koparkakolbudy.pl\/?s={search_term_string}"},"query-input":{"@type":"PropertyValueSpecification","valueRequired":true,"valueName":"search_term_string"}}],"inLanguage":"en-US"},{"@type":"Organization","@id":"https:\/\/koparkakolbudy.pl\/#organization","name":"Tomek Fierek Us\u0142ugi Kopark\u0105","url":"https:\/\/koparkakolbudy.pl\/","logo":{"@type":"ImageObject","inLanguage":"en-US","@id":"https:\/\/koparkakolbudy.pl\/#\/schema\/logo\/image\/","url":"https:\/\/koparkakolbudy.pl\/wp-content\/uploads\/2026\/01\/cropped-Tomek-Fierek-logo.png","contentUrl":"https:\/\/koparkakolbudy.pl\/wp-content\/uploads\/2026\/01\/cropped-Tomek-Fierek-logo.png","width":500,"height":500,"caption":"Tomek Fierek Us\u0142ugi Kopark\u0105"},"image":{"@id":"https:\/\/koparkakolbudy.pl\/#\/schema\/logo\/image\/"}}]}},"_links":{"self":[{"href":"https:\/\/koparkakolbudy.pl\/index.php?rest_route=\/wp\/v2\/pages\/316","targetHints":{"allow":["GET"]}}],"collection":[{"href":"https:\/\/koparkakolbudy.pl\/index.php?rest_route=\/wp\/v2\/pages"}],"about":[{"href":"https:\/\/koparkakolbudy.pl\/index.php?rest_route=\/wp\/v2\/types\/page"}],"author":[{"embeddable":true,"href":"https:\/\/koparkakolbudy.pl\/index.php?rest_route=\/wp\/v2\/users\/1"}],"replies":[{"embeddable":true,"href":"https:\/\/koparkakolbudy.pl\/index.php?rest_route=%2Fwp%2Fv2%2Fcomments&post=316"}],"version-history":[{"count":55,"href":"https:\/\/koparkakolbudy.pl\/index.php?rest_route=\/wp\/v2\/pages\/316\/revisions"}],"predecessor-version":[{"id":483,"href":"https:\/\/koparkakolbudy.pl\/index.php?rest_route=\/wp\/v2\/pages\/316\/revisions\/483"}],"wp:attachment":[{"href":"https:\/\/koparkakolbudy.pl\/index.php?rest_route=%2Fwp%2Fv2%2Fmedia&parent=316"}],"curies":[{"name":"wp","href":"https:\/\/api.w.org\/{rel}","templated":true}]}}