{"id":349,"date":"2026-02-01T10:52:21","date_gmt":"2026-02-01T09:52:21","guid":{"rendered":"http:\/\/koparkakolbudy.pl\/?page_id=349"},"modified":"2026-02-01T14:06:55","modified_gmt":"2026-02-01T13:06:55","slug":"oferta","status":"publish","type":"page","link":"https:\/\/koparkakolbudy.pl\/?page_id=349","title":{"rendered":"Oferta"},"content":{"rendered":"\t\t<div data-elementor-type=\"wp-page\" data-elementor-id=\"349\" class=\"elementor elementor-349\">\n\t\t\t\t<div class=\"elementor-element elementor-element-74f56f4c e-flex e-con-boxed e-con e-parent\" data-id=\"74f56f4c\" data-element_type=\"container\" data-settings=\"{&quot;background_background&quot;:&quot;classic&quot;}\">\n\t\t\t\t\t<div class=\"e-con-inner\">\n\t\t\t\t<div class=\"elementor-element elementor-element-1727f23d elementor-widget elementor-widget-heading\" data-id=\"1727f23d\" data-element_type=\"widget\" data-widget_type=\"heading.default\">\n\t\t\t\t\t<h2 class=\"elementor-heading-title elementor-size-default\">Ci\u0119\u017cka praca w terenie? Dzwo\u0144 \u015bmia\u0142o!<\/h2>\t\t\t\t<\/div>\n\t\t\t\t<div class=\"elementor-element elementor-element-70bfcc6 elementor-align-center elementor-widget elementor-widget-button\" data-id=\"70bfcc6\" data-element_type=\"widget\" data-widget_type=\"button.default\">\n\t\t\t\t\t\t\t\t\t\t<a class=\"elementor-button elementor-button-link elementor-size-sm\" href=\"tel:%20+48507728527\">\n\t\t\t\t\t\t<span class=\"elementor-button-content-wrapper\">\n\t\t\t\t\t\t\t\t\t<span class=\"elementor-button-text\">507 728 527<\/span>\n\t\t\t\t\t<\/span>\n\t\t\t\t\t<\/a>\n\t\t\t\t\t\t\t\t<\/div>\n\t\t\t\t\t<\/div>\n\t\t\t\t<\/div>\n\t\t<div class=\"elementor-element elementor-element-6b52b529 e-con-full e-flex e-con e-parent\" data-id=\"6b52b529\" data-element_type=\"container\" data-settings=\"{&quot;background_background&quot;:&quot;classic&quot;}\">\n\t\t\t\t<div class=\"elementor-element elementor-element-238c7d45 elementor-widget elementor-widget-image\" data-id=\"238c7d45\" data-element_type=\"widget\" data-widget_type=\"image.default\">\n\t\t\t\t\t\t\t\t\t\t\t\t\t\t\t\t<a href=\"http:\/\/koparkakolbudy.pl\/\">\n\t\t\t\t\t\t\t<img fetchpriority=\"high\" decoding=\"async\" width=\"500\" height=\"249\" src=\"https:\/\/koparkakolbudy.pl\/wp-content\/uploads\/2026\/01\/Tomek-Fierek-logo-1-e1769431049493.png\" class=\"attachment-full size-full wp-image-51\" alt=\"\" srcset=\"https:\/\/koparkakolbudy.pl\/wp-content\/uploads\/2026\/01\/Tomek-Fierek-logo-1-e1769431049493.png 500w, https:\/\/koparkakolbudy.pl\/wp-content\/uploads\/2026\/01\/Tomek-Fierek-logo-1-e1769431049493-300x149.png 300w\" sizes=\"(max-width: 500px) 100vw, 500px\" \/>\t\t\t\t\t\t\t\t<\/a>\n\t\t\t\t\t\t\t\t\t\t\t\t\t\t\t<\/div>\n\t\t\t\t<\/div>\n\t\t<div class=\"elementor-element elementor-element-1725fe6c e-flex e-con-boxed e-con e-parent\" data-id=\"1725fe6c\" data-element_type=\"container\">\n\t\t\t\t\t<div class=\"e-con-inner\">\n\t\t\t\t<div class=\"elementor-element elementor-element-5c7eb9cd elementor-widget elementor-widget-spacer\" data-id=\"5c7eb9cd\" data-element_type=\"widget\" data-widget_type=\"spacer.default\">\n\t\t\t\t\t\t\t<div class=\"elementor-spacer\">\n\t\t\t<div class=\"elementor-spacer-inner\"><\/div>\n\t\t<\/div>\n\t\t\t\t\t\t<\/div>\n\t\t\t\t<div class=\"elementor-element elementor-element-6eb62c7a elementor-widget elementor-widget-heading\" data-id=\"6eb62c7a\" data-element_type=\"widget\" data-widget_type=\"heading.default\">\n\t\t\t\t\t<h2 class=\"elementor-heading-title elementor-size-default\"><a href=\"http:\/\/koparkakolbudy.pl\/?page_id=349\">OFERTA<\/a><\/h2>\t\t\t\t<\/div>\n\t\t\t\t<div class=\"elementor-element elementor-element-91abe2e elementor-widget elementor-widget-spacer\" data-id=\"91abe2e\" data-element_type=\"widget\" data-widget_type=\"spacer.default\">\n\t\t\t\t\t\t\t<div class=\"elementor-spacer\">\n\t\t\t<div class=\"elementor-spacer-inner\"><\/div>\n\t\t<\/div>\n\t\t\t\t\t\t<\/div>\n\t\t\t\t<div class=\"elementor-element elementor-element-5c84299e elementor-widget elementor-widget-heading\" data-id=\"5c84299e\" data-element_type=\"widget\" data-widget_type=\"heading.default\">\n\t\t\t\t\t<h2 class=\"elementor-heading-title elementor-size-default\"><a href=\"http:\/\/koparkakolbudy.pl\/?page_id=392\">SPRZ\u0118T<\/a><\/h2>\t\t\t\t<\/div>\n\t\t\t\t<div class=\"elementor-element elementor-element-6d4ab5c5 elementor-widget elementor-widget-spacer\" data-id=\"6d4ab5c5\" data-element_type=\"widget\" data-widget_type=\"spacer.default\">\n\t\t\t\t\t\t\t<div class=\"elementor-spacer\">\n\t\t\t<div class=\"elementor-spacer-inner\"><\/div>\n\t\t<\/div>\n\t\t\t\t\t\t<\/div>\n\t\t\t\t<div class=\"elementor-element elementor-element-42b6be16 elementor-widget elementor-widget-heading\" data-id=\"42b6be16\" data-element_type=\"widget\" data-widget_type=\"heading.default\">\n\t\t\t\t\t<h2 class=\"elementor-heading-title elementor-size-default\"><a href=\"http:\/\/koparkakolbudy.pl\/?page_id=432\">WSP\u00d3\u0141PRACA<\/a><\/h2>\t\t\t\t<\/div>\n\t\t\t\t<div class=\"elementor-element elementor-element-1361d896 elementor-widget elementor-widget-spacer\" data-id=\"1361d896\" data-element_type=\"widget\" data-widget_type=\"spacer.default\">\n\t\t\t\t\t\t\t<div class=\"elementor-spacer\">\n\t\t\t<div class=\"elementor-spacer-inner\"><\/div>\n\t\t<\/div>\n\t\t\t\t\t\t<\/div>\n\t\t\t\t<div class=\"elementor-element elementor-element-4c5a28bb elementor-widget elementor-widget-heading\" data-id=\"4c5a28bb\" data-element_type=\"widget\" data-widget_type=\"heading.default\">\n\t\t\t\t\t<h2 class=\"elementor-heading-title elementor-size-default\"><a href=\"http:\/\/koparkakolbudy.pl\/?page_id=316\">KONTAKT<\/a><\/h2>\t\t\t\t<\/div>\n\t\t\t\t<div class=\"elementor-element elementor-element-666ec679 elementor-widget elementor-widget-spacer\" data-id=\"666ec679\" data-element_type=\"widget\" data-widget_type=\"spacer.default\">\n\t\t\t\t\t\t\t<div class=\"elementor-spacer\">\n\t\t\t<div class=\"elementor-spacer-inner\"><\/div>\n\t\t<\/div>\n\t\t\t\t\t\t<\/div>\n\t\t\t\t\t<\/div>\n\t\t\t\t<\/div>\n\t\t<div class=\"elementor-element elementor-element-40515919 e-flex e-con-boxed e-con e-parent\" data-id=\"40515919\" data-element_type=\"container\">\n\t\t\t\t\t<div class=\"e-con-inner\">\n\t\t<div class=\"elementor-element elementor-element-d05b1ec e-con-full e-grid e-con e-child\" data-id=\"d05b1ec\" data-element_type=\"container\">\n\t\t\t\t<div class=\"elementor-element elementor-element-30d3535 elementor-position-top elementor-widget elementor-widget-image-box\" data-id=\"30d3535\" data-element_type=\"widget\" data-widget_type=\"image-box.default\">\n\t\t\t\t\t<div class=\"elementor-image-box-wrapper\"><figure class=\"elementor-image-box-img\"><img decoding=\"async\" width=\"848\" height=\"1131\" src=\"https:\/\/koparkakolbudy.pl\/wp-content\/uploads\/2026\/01\/image0000001-7.jpg\" class=\"attachment-full size-full wp-image-130\" alt=\"\" srcset=\"https:\/\/koparkakolbudy.pl\/wp-content\/uploads\/2026\/01\/image0000001-7.jpg 848w, https:\/\/koparkakolbudy.pl\/wp-content\/uploads\/2026\/01\/image0000001-7-225x300.jpg 225w, https:\/\/koparkakolbudy.pl\/wp-content\/uploads\/2026\/01\/image0000001-7-768x1024.jpg 768w\" sizes=\"(max-width: 848px) 100vw, 848px\" \/><\/figure><div class=\"elementor-image-box-content\"><h3 class=\"elementor-image-box-title\">- Wykopy i zasypy fundament\u00f3w<br> - Odwodnienia\/drena\u017ce<\/h3><\/div><\/div>\t\t\t\t<\/div>\n\t\t\t\t<div class=\"elementor-element elementor-element-807a447 elementor-position-top elementor-widget elementor-widget-image-box\" data-id=\"807a447\" data-element_type=\"widget\" data-widget_type=\"image-box.default\">\n\t\t\t\t\t<div class=\"elementor-image-box-wrapper\"><figure class=\"elementor-image-box-img\"><img decoding=\"async\" width=\"1200\" height=\"1600\" src=\"https:\/\/koparkakolbudy.pl\/wp-content\/uploads\/2026\/01\/image0000001-9.jpg\" class=\"attachment-full size-full wp-image-132\" alt=\"\" srcset=\"https:\/\/koparkakolbudy.pl\/wp-content\/uploads\/2026\/01\/image0000001-9.jpg 1200w, https:\/\/koparkakolbudy.pl\/wp-content\/uploads\/2026\/01\/image0000001-9-225x300.jpg 225w, https:\/\/koparkakolbudy.pl\/wp-content\/uploads\/2026\/01\/image0000001-9-768x1024.jpg 768w, https:\/\/koparkakolbudy.pl\/wp-content\/uploads\/2026\/01\/image0000001-9-1152x1536.jpg 1152w\" sizes=\"(max-width: 1200px) 100vw, 1200px\" \/><\/figure><div class=\"elementor-image-box-content\"><h3 class=\"elementor-image-box-title\">- Utwardzanie dr\u00f3g<br> - Studnie i szamba<br> - Wyburzenia<\/h3><\/div><\/div>\t\t\t\t<\/div>\n\t\t\t\t<div class=\"elementor-element elementor-element-c4464e2 elementor-position-top elementor-widget elementor-widget-image-box\" data-id=\"c4464e2\" data-element_type=\"widget\" data-widget_type=\"image-box.default\">\n\t\t\t\t\t<div class=\"elementor-image-box-wrapper\"><figure class=\"elementor-image-box-img\"><img loading=\"lazy\" decoding=\"async\" width=\"1131\" height=\"848\" src=\"https:\/\/koparkakolbudy.pl\/wp-content\/uploads\/2026\/01\/image0000001-14.jpg\" class=\"attachment-full size-full wp-image-137\" alt=\"\" srcset=\"https:\/\/koparkakolbudy.pl\/wp-content\/uploads\/2026\/01\/image0000001-14.jpg 1131w, https:\/\/koparkakolbudy.pl\/wp-content\/uploads\/2026\/01\/image0000001-14-300x225.jpg 300w, https:\/\/koparkakolbudy.pl\/wp-content\/uploads\/2026\/01\/image0000001-14-1024x768.jpg 1024w, https:\/\/koparkakolbudy.pl\/wp-content\/uploads\/2026\/01\/image0000001-14-768x576.jpg 768w\" sizes=\"(max-width: 1131px) 100vw, 1131px\" \/><\/figure><div class=\"elementor-image-box-content\"><h3 class=\"elementor-image-box-title\">- Niwelacja terenu<br> - Od\u015bnie\u017canie<br> - Wycinka drzew<\/h3><\/div><\/div>\t\t\t\t<\/div>\n\t\t\t\t<\/div>\n\t\t\t\t<div class=\"elementor-element elementor-element-2b9f97c2 elementor-widget elementor-widget-google_maps\" data-id=\"2b9f97c2\" data-element_type=\"widget\" data-widget_type=\"google_maps.default\">\n\t\t\t\t\t\t\t<div class=\"elementor-custom-embed\">\n\t\t\t<iframe loading=\"lazy\"\n\t\t\t\t\tsrc=\"https:\/\/maps.google.com\/maps?q=Kolbudy&#038;t=m&#038;z=13&#038;output=embed&#038;iwloc=near\"\n\t\t\t\t\ttitle=\"Kolbudy\"\n\t\t\t\t\taria-label=\"Kolbudy\"\n\t\t\t><\/iframe>\n\t\t<\/div>\n\t\t\t\t\t\t<\/div>\n\t\t<div class=\"elementor-element elementor-element-5af1768f e-grid e-con-full e-con e-child\" data-id=\"5af1768f\" data-element_type=\"container\">\n\t\t\t\t<\/div>\n\t\t\t\t\t<\/div>\n\t\t\t\t<\/div>\n\t\t<div class=\"elementor-element elementor-element-79699eef e-flex e-con-boxed e-con e-parent\" data-id=\"79699eef\" data-element_type=\"container\">\n\t\t\t\t\t<div class=\"e-con-inner\">\n\t\t\t\t\t<\/div>\n\t\t\t\t<\/div>\n\t\t<div class=\"elementor-element elementor-element-680149ce e-flex e-con-boxed e-con e-parent\" data-id=\"680149ce\" data-element_type=\"container\">\n\t\t\t\t\t<div class=\"e-con-inner\">\n\t\t\t\t<div class=\"elementor-element elementor-element-53ad6803 elementor-widget elementor-widget-text-editor\" data-id=\"53ad6803\" data-element_type=\"widget\" data-widget_type=\"text-editor.default\">\n\t\t\t\t\t\t\t\t\t<p>kolbudykoparka.pl 2026 | Wszystkie prawa zastrze\u017cone.<\/p>\t\t\t\t\t\t\t\t<\/div>\n\t\t\t\t\t<\/div>\n\t\t\t\t<\/div>\n\t\t\t\t<\/div>\n\t\t","protected":false},"excerpt":{"rendered":"<p>Ci\u0119\u017cka praca w terenie? Dzwo\u0144 \u015bmia\u0142o! 507 728 527 OFERTA SPRZ\u0118T WSP\u00d3\u0141PRACA KONTAKT &#8211; Wykopy i zasypy fundament\u00f3w &#8211; Odwodnienia\/drena\u017ce &#8211; Utwardzanie dr\u00f3g &#8211; Studnie i szamba &#8211; Wyburzenia &#8211; Niwelacja terenu &#8211; Od\u015bnie\u017canie &#8211; Wycinka drzew kolbudykoparka.pl 2026 | Wszystkie prawa zastrze\u017cone.<\/p>\n","protected":false},"author":1,"featured_media":0,"parent":0,"menu_order":0,"comment_status":"closed","ping_status":"closed","template":"","meta":{"footnotes":""},"class_list":["post-349","page","type-page","status-publish","hentry"],"yoast_head":"<!-- This site is optimized with the Yoast SEO plugin v26.8 - https:\/\/yoast.com\/product\/yoast-seo-wordpress\/ -->\n<title>Oferta - Tomek Fierek Us\u0142ugi Kopark\u0105<\/title>\n<meta name=\"robots\" content=\"index, follow, max-snippet:-1, max-image-preview:large, max-video-preview:-1\" \/>\n<link rel=\"canonical\" href=\"https:\/\/koparkakolbudy.pl\/?page_id=349\" \/>\n<meta property=\"og:locale\" content=\"en_US\" \/>\n<meta property=\"og:type\" content=\"article\" \/>\n<meta property=\"og:title\" content=\"Oferta - Tomek Fierek Us\u0142ugi Kopark\u0105\" \/>\n<meta property=\"og:description\" content=\"Ci\u0119\u017cka praca w terenie? Dzwo\u0144 \u015bmia\u0142o! 507 728 527 OFERTA SPRZ\u0118T WSP\u00d3\u0141PRACA KONTAKT &#8211; Wykopy i zasypy fundament\u00f3w &#8211; Odwodnienia\/drena\u017ce &#8211; Utwardzanie dr\u00f3g &#8211; Studnie i szamba &#8211; Wyburzenia &#8211; Niwelacja terenu &#8211; Od\u015bnie\u017canie &#8211; Wycinka drzew kolbudykoparka.pl 2026 | Wszystkie prawa zastrze\u017cone.\" \/>\n<meta property=\"og:url\" content=\"https:\/\/koparkakolbudy.pl\/?page_id=349\" \/>\n<meta property=\"og:site_name\" content=\"Tomek Fierek Us\u0142ugi Kopark\u0105\" \/>\n<meta property=\"article:modified_time\" content=\"2026-02-01T13:06:55+00:00\" \/>\n<meta property=\"og:image\" content=\"http:\/\/koparkakolbudy.pl\/wp-content\/uploads\/2026\/01\/Tomek-Fierek-logo-1-e1769431049493.png\" \/>\n<meta name=\"twitter:card\" content=\"summary_large_image\" \/>\n<meta name=\"twitter:label1\" content=\"Est. reading time\" \/>\n\t<meta name=\"twitter:data1\" content=\"2 minutes\" \/>\n<script type=\"application\/ld+json\" class=\"yoast-schema-graph\">{\"@context\":\"https:\/\/schema.org\",\"@graph\":[{\"@type\":\"WebPage\",\"@id\":\"https:\/\/koparkakolbudy.pl\/?page_id=349\",\"url\":\"https:\/\/koparkakolbudy.pl\/?page_id=349\",\"name\":\"Oferta - Tomek Fierek Us\u0142ugi Kopark\u0105\",\"isPartOf\":{\"@id\":\"https:\/\/koparkakolbudy.pl\/#website\"},\"primaryImageOfPage\":{\"@id\":\"https:\/\/koparkakolbudy.pl\/?page_id=349#primaryimage\"},\"image\":{\"@id\":\"https:\/\/koparkakolbudy.pl\/?page_id=349#primaryimage\"},\"thumbnailUrl\":\"http:\/\/koparkakolbudy.pl\/wp-content\/uploads\/2026\/01\/Tomek-Fierek-logo-1-e1769431049493.png\",\"datePublished\":\"2026-02-01T09:52:21+00:00\",\"dateModified\":\"2026-02-01T13:06:55+00:00\",\"breadcrumb\":{\"@id\":\"https:\/\/koparkakolbudy.pl\/?page_id=349#breadcrumb\"},\"inLanguage\":\"en-US\",\"potentialAction\":[{\"@type\":\"ReadAction\",\"target\":[\"https:\/\/koparkakolbudy.pl\/?page_id=349\"]}]},{\"@type\":\"ImageObject\",\"inLanguage\":\"en-US\",\"@id\":\"https:\/\/koparkakolbudy.pl\/?page_id=349#primaryimage\",\"url\":\"https:\/\/koparkakolbudy.pl\/wp-content\/uploads\/2026\/01\/Tomek-Fierek-logo-1-e1769431049493.png\",\"contentUrl\":\"https:\/\/koparkakolbudy.pl\/wp-content\/uploads\/2026\/01\/Tomek-Fierek-logo-1-e1769431049493.png\",\"width\":500,\"height\":249},{\"@type\":\"BreadcrumbList\",\"@id\":\"https:\/\/koparkakolbudy.pl\/?page_id=349#breadcrumb\",\"itemListElement\":[{\"@type\":\"ListItem\",\"position\":1,\"name\":\"Home\",\"item\":\"https:\/\/koparkakolbudy.pl\/\"},{\"@type\":\"ListItem\",\"position\":2,\"name\":\"Oferta\"}]},{\"@type\":\"WebSite\",\"@id\":\"https:\/\/koparkakolbudy.pl\/#website\",\"url\":\"https:\/\/koparkakolbudy.pl\/\",\"name\":\"Tomek Fierek Us\u0142ugi Kopark\u0105\",\"description\":\"\",\"publisher\":{\"@id\":\"https:\/\/koparkakolbudy.pl\/#organization\"},\"potentialAction\":[{\"@type\":\"SearchAction\",\"target\":{\"@type\":\"EntryPoint\",\"urlTemplate\":\"https:\/\/koparkakolbudy.pl\/?s={search_term_string}\"},\"query-input\":{\"@type\":\"PropertyValueSpecification\",\"valueRequired\":true,\"valueName\":\"search_term_string\"}}],\"inLanguage\":\"en-US\"},{\"@type\":\"Organization\",\"@id\":\"https:\/\/koparkakolbudy.pl\/#organization\",\"name\":\"Tomek Fierek Us\u0142ugi Kopark\u0105\",\"url\":\"https:\/\/koparkakolbudy.pl\/\",\"logo\":{\"@type\":\"ImageObject\",\"inLanguage\":\"en-US\",\"@id\":\"https:\/\/koparkakolbudy.pl\/#\/schema\/logo\/image\/\",\"url\":\"https:\/\/koparkakolbudy.pl\/wp-content\/uploads\/2026\/01\/cropped-Tomek-Fierek-logo.png\",\"contentUrl\":\"https:\/\/koparkakolbudy.pl\/wp-content\/uploads\/2026\/01\/cropped-Tomek-Fierek-logo.png\",\"width\":500,\"height\":500,\"caption\":\"Tomek Fierek Us\u0142ugi Kopark\u0105\"},\"image\":{\"@id\":\"https:\/\/koparkakolbudy.pl\/#\/schema\/logo\/image\/\"}}]}<\/script>\n<!-- \/ Yoast SEO plugin. -->","yoast_head_json":{"title":"Oferta - Tomek Fierek Us\u0142ugi Kopark\u0105","robots":{"index":"index","follow":"follow","max-snippet":"max-snippet:-1","max-image-preview":"max-image-preview:large","max-video-preview":"max-video-preview:-1"},"canonical":"https:\/\/koparkakolbudy.pl\/?page_id=349","og_locale":"en_US","og_type":"article","og_title":"Oferta - Tomek Fierek Us\u0142ugi Kopark\u0105","og_description":"Ci\u0119\u017cka praca w terenie? Dzwo\u0144 \u015bmia\u0142o! 507 728 527 OFERTA SPRZ\u0118T WSP\u00d3\u0141PRACA KONTAKT &#8211; Wykopy i zasypy fundament\u00f3w &#8211; Odwodnienia\/drena\u017ce &#8211; Utwardzanie dr\u00f3g &#8211; Studnie i szamba &#8211; Wyburzenia &#8211; Niwelacja terenu &#8211; Od\u015bnie\u017canie &#8211; Wycinka drzew kolbudykoparka.pl 2026 | Wszystkie prawa zastrze\u017cone.","og_url":"https:\/\/koparkakolbudy.pl\/?page_id=349","og_site_name":"Tomek Fierek Us\u0142ugi Kopark\u0105","article_modified_time":"2026-02-01T13:06:55+00:00","og_image":[{"url":"http:\/\/koparkakolbudy.pl\/wp-content\/uploads\/2026\/01\/Tomek-Fierek-logo-1-e1769431049493.png","type":"","width":"","height":""}],"twitter_card":"summary_large_image","twitter_misc":{"Est. reading time":"2 minutes"},"schema":{"@context":"https:\/\/schema.org","@graph":[{"@type":"WebPage","@id":"https:\/\/koparkakolbudy.pl\/?page_id=349","url":"https:\/\/koparkakolbudy.pl\/?page_id=349","name":"Oferta - Tomek Fierek Us\u0142ugi Kopark\u0105","isPartOf":{"@id":"https:\/\/koparkakolbudy.pl\/#website"},"primaryImageOfPage":{"@id":"https:\/\/koparkakolbudy.pl\/?page_id=349#primaryimage"},"image":{"@id":"https:\/\/koparkakolbudy.pl\/?page_id=349#primaryimage"},"thumbnailUrl":"http:\/\/koparkakolbudy.pl\/wp-content\/uploads\/2026\/01\/Tomek-Fierek-logo-1-e1769431049493.png","datePublished":"2026-02-01T09:52:21+00:00","dateModified":"2026-02-01T13:06:55+00:00","breadcrumb":{"@id":"https:\/\/koparkakolbudy.pl\/?page_id=349#breadcrumb"},"inLanguage":"en-US","potentialAction":[{"@type":"ReadAction","target":["https:\/\/koparkakolbudy.pl\/?page_id=349"]}]},{"@type":"ImageObject","inLanguage":"en-US","@id":"https:\/\/koparkakolbudy.pl\/?page_id=349#primaryimage","url":"https:\/\/koparkakolbudy.pl\/wp-content\/uploads\/2026\/01\/Tomek-Fierek-logo-1-e1769431049493.png","contentUrl":"https:\/\/koparkakolbudy.pl\/wp-content\/uploads\/2026\/01\/Tomek-Fierek-logo-1-e1769431049493.png","width":500,"height":249},{"@type":"BreadcrumbList","@id":"https:\/\/koparkakolbudy.pl\/?page_id=349#breadcrumb","itemListElement":[{"@type":"ListItem","position":1,"name":"Home","item":"https:\/\/koparkakolbudy.pl\/"},{"@type":"ListItem","position":2,"name":"Oferta"}]},{"@type":"WebSite","@id":"https:\/\/koparkakolbudy.pl\/#website","url":"https:\/\/koparkakolbudy.pl\/","name":"Tomek Fierek Us\u0142ugi Kopark\u0105","description":"","publisher":{"@id":"https:\/\/koparkakolbudy.pl\/#organization"},"potentialAction":[{"@type":"SearchAction","target":{"@type":"EntryPoint","urlTemplate":"https:\/\/koparkakolbudy.pl\/?s={search_term_string}"},"query-input":{"@type":"PropertyValueSpecification","valueRequired":true,"valueName":"search_term_string"}}],"inLanguage":"en-US"},{"@type":"Organization","@id":"https:\/\/koparkakolbudy.pl\/#organization","name":"Tomek Fierek Us\u0142ugi Kopark\u0105","url":"https:\/\/koparkakolbudy.pl\/","logo":{"@type":"ImageObject","inLanguage":"en-US","@id":"https:\/\/koparkakolbudy.pl\/#\/schema\/logo\/image\/","url":"https:\/\/koparkakolbudy.pl\/wp-content\/uploads\/2026\/01\/cropped-Tomek-Fierek-logo.png","contentUrl":"https:\/\/koparkakolbudy.pl\/wp-content\/uploads\/2026\/01\/cropped-Tomek-Fierek-logo.png","width":500,"height":500,"caption":"Tomek Fierek Us\u0142ugi Kopark\u0105"},"image":{"@id":"https:\/\/koparkakolbudy.pl\/#\/schema\/logo\/image\/"}}]}},"_links":{"self":[{"href":"https:\/\/koparkakolbudy.pl\/index.php?rest_route=\/wp\/v2\/pages\/349","targetHints":{"allow":["GET"]}}],"collection":[{"href":"https:\/\/koparkakolbudy.pl\/index.php?rest_route=\/wp\/v2\/pages"}],"about":[{"href":"https:\/\/koparkakolbudy.pl\/index.php?rest_route=\/wp\/v2\/types\/page"}],"author":[{"embeddable":true,"href":"https:\/\/koparkakolbudy.pl\/index.php?rest_route=\/wp\/v2\/users\/1"}],"replies":[{"embeddable":true,"href":"https:\/\/koparkakolbudy.pl\/index.php?rest_route=%2Fwp%2Fv2%2Fcomments&post=349"}],"version-history":[{"count":37,"href":"https:\/\/koparkakolbudy.pl\/index.php?rest_route=\/wp\/v2\/pages\/349\/revisions"}],"predecessor-version":[{"id":489,"href":"https:\/\/koparkakolbudy.pl\/index.php?rest_route=\/wp\/v2\/pages\/349\/revisions\/489"}],"wp:attachment":[{"href":"https:\/\/koparkakolbudy.pl\/index.php?rest_route=%2Fwp%2Fv2%2Fmedia&parent=349"}],"curies":[{"name":"wp","href":"https:\/\/api.w.org\/{rel}","templated":true}]}}